{"id":55,"date":"2020-12-03T20:15:36","date_gmt":"2020-12-03T20:15:36","guid":{"rendered":"https:\/\/shop.klangkling.at\/?post_type=product&#038;p=55"},"modified":"2025-04-12T23:22:02","modified_gmt":"2025-04-12T23:22:02","slug":"klappklapp","status":"publish","type":"product","link":"https:\/\/shop.klangkling.at\/index.php\/product\/klappklapp\/","title":{"rendered":"KlappKlapp"},"content":{"rendered":"<p>Der Esel Klapp Klapp eignet sich hervorragend f\u00fcr Kleinkinder. Ist leicht zu bedienen und man kann sich richtig gut drauf festhalten. Durch sch\u00fctteln klappern seine Kiefer.<br \/>\nHolzart: Eiche natur, ge\u00f6lt<\/p>\n<p>Klangbeispiel:<\/p>\n<audio class=\"wp-audio-shortcode\" id=\"audio-55-1\" preload=\"none\" style=\"width: 100%;\" controls=\"controls\"><source type=\"audio\/mpeg\" src=\"https:\/\/shop.klangkling.at\/wp-content\/uploads\/2020\/12\/Schnappi.mp3?_=1\" \/><a href=\"https:\/\/shop.klangkling.at\/wp-content\/uploads\/2020\/12\/Schnappi.mp3\">https:\/\/shop.klangkling.at\/wp-content\/uploads\/2020\/12\/Schnappi.mp3<\/a><\/audio>\n<p>&nbsp;<\/p>\n","protected":false},"excerpt":{"rendered":"<p>Der Esel Klapp Klapp eignet sich hervorragend f\u00fcr Kleinkinder. Ist leicht zu bedienen und man kann sich richtig gut drauf festhalten. Durch sch\u00fctteln klappern seine Kiefer. Holzart: Eiche natur, ge\u00f6lt Klangbeispiel: &nbsp;<\/p>\n","protected":false},"featured_media":57,"comment_status":"open","ping_status":"closed","template":"","meta":[],"product_brand":[],"product_cat":[15],"product_tag":[52,39,50,51,48],"class_list":{"0":"post-55","1":"product","2":"type-product","3":"status-publish","4":"has-post-thumbnail","6":"product_cat-rhythmusinstrumente","7":"product_tag-kinderinstrument","8":"product_tag-kinderrassel","9":"product_tag-klapper","10":"product_tag-plattenklapper","11":"product_tag-rassel","13":"first","14":"outofstock","15":"shipping-taxable","16":"purchasable","17":"product-type-simple"},"_links":{"self":[{"href":"https:\/\/shop.klangkling.at\/index.php\/wp-json\/wp\/v2\/product\/55","targetHints":{"allow":["GET"]}}],"collection":[{"href":"https:\/\/shop.klangkling.at\/index.php\/wp-json\/wp\/v2\/product"}],"about":[{"href":"https:\/\/shop.klangkling.at\/index.php\/wp-json\/wp\/v2\/types\/product"}],"replies":[{"embeddable":true,"href":"https:\/\/shop.klangkling.at\/index.php\/wp-json\/wp\/v2\/comments?post=55"}],"wp:featuredmedia":[{"embeddable":true,"href":"https:\/\/shop.klangkling.at\/index.php\/wp-json\/wp\/v2\/media\/57"}],"wp:attachment":[{"href":"https:\/\/shop.klangkling.at\/index.php\/wp-json\/wp\/v2\/media?parent=55"}],"wp:term":[{"taxonomy":"product_brand","embeddable":true,"href":"https:\/\/shop.klangkling.at\/index.php\/wp-json\/wp\/v2\/product_brand?post=55"},{"taxonomy":"product_cat","embeddable":true,"href":"https:\/\/shop.klangkling.at\/index.php\/wp-json\/wp\/v2\/product_cat?post=55"},{"taxonomy":"product_tag","embeddable":true,"href":"https:\/\/shop.klangkling.at\/index.php\/wp-json\/wp\/v2\/product_tag?post=55"}],"curies":[{"name":"wp","href":"https:\/\/api.w.org\/{rel}","templated":true}]}}