{"id":49,"date":"2020-12-03T19:47:34","date_gmt":"2020-12-03T19:47:34","guid":{"rendered":"https:\/\/shop.klangkling.at\/?post_type=product&#038;p=49"},"modified":"2025-01-08T09:34:29","modified_gmt":"2025-01-08T09:34:29","slug":"nussfloete","status":"publish","type":"product","link":"https:\/\/shop.klangkling.at\/index.php\/product\/nussfloete\/","title":{"rendered":"Nussfl\u00f6te"},"content":{"rendered":"<p>Die Nussfl\u00f6te wird aus zwei Wahlnussh\u00e4lften gefertigt. durch ein Anblasrohr str\u00f6mt die Luft \u00fcber ein Labium in die Nuss. Abh\u00e4ngig von der Nussgr\u00f6\u00dfe ergeben sich unterschiedliche Grundt\u00f6ne. Die zwei L\u00f6cher in der Schale lassen kleine Melodien zu.<\/p>\n<p>Klangbeispiel:<\/p>\n<audio class=\"wp-audio-shortcode\" id=\"audio-49-1\" preload=\"none\" style=\"width: 100%;\" controls=\"controls\"><source type=\"audio\/mpeg\" src=\"https:\/\/shop.klangkling.at\/wp-content\/uploads\/2020\/12\/Nussfloete.mp3?_=1\" \/><a href=\"https:\/\/shop.klangkling.at\/wp-content\/uploads\/2020\/12\/Nussfloete.mp3\">https:\/\/shop.klangkling.at\/wp-content\/uploads\/2020\/12\/Nussfloete.mp3<\/a><\/audio>\n","protected":false},"excerpt":{"rendered":"<p>Die Nussfl\u00f6te wird aus zwei Wahlnussh\u00e4lften gefertigt. durch ein Anblasrohr str\u00f6mt die Luft \u00fcber ein Labium in die Nuss. Abh\u00e4ngig von der Nussgr\u00f6\u00dfe ergeben sich unterschiedliche Grundt\u00f6ne. Die zwei L\u00f6cher in der Schale lassen kleine Melodien zu. Klangbeispiel:<\/p>\n","protected":false},"featured_media":51,"comment_status":"open","ping_status":"closed","template":"","meta":[],"product_brand":[],"product_cat":[30],"product_tag":[46,43,44,45,47],"class_list":{"0":"post-49","1":"product","2":"type-product","3":"status-publish","4":"has-post-thumbnail","6":"product_cat-blasinstrument","7":"product_tag-kinderfloete","8":"product_tag-kleine-floete","9":"product_tag-naturinstrument","10":"product_tag-nussfloete","11":"product_tag-ocarina","13":"first","14":"instock","15":"shipping-taxable","16":"purchasable","17":"product-type-simple"},"_links":{"self":[{"href":"https:\/\/shop.klangkling.at\/index.php\/wp-json\/wp\/v2\/product\/49","targetHints":{"allow":["GET"]}}],"collection":[{"href":"https:\/\/shop.klangkling.at\/index.php\/wp-json\/wp\/v2\/product"}],"about":[{"href":"https:\/\/shop.klangkling.at\/index.php\/wp-json\/wp\/v2\/types\/product"}],"replies":[{"embeddable":true,"href":"https:\/\/shop.klangkling.at\/index.php\/wp-json\/wp\/v2\/comments?post=49"}],"wp:featuredmedia":[{"embeddable":true,"href":"https:\/\/shop.klangkling.at\/index.php\/wp-json\/wp\/v2\/media\/51"}],"wp:attachment":[{"href":"https:\/\/shop.klangkling.at\/index.php\/wp-json\/wp\/v2\/media?parent=49"}],"wp:term":[{"taxonomy":"product_brand","embeddable":true,"href":"https:\/\/shop.klangkling.at\/index.php\/wp-json\/wp\/v2\/product_brand?post=49"},{"taxonomy":"product_cat","embeddable":true,"href":"https:\/\/shop.klangkling.at\/index.php\/wp-json\/wp\/v2\/product_cat?post=49"},{"taxonomy":"product_tag","embeddable":true,"href":"https:\/\/shop.klangkling.at\/index.php\/wp-json\/wp\/v2\/product_tag?post=49"}],"curies":[{"name":"wp","href":"https:\/\/api.w.org\/{rel}","templated":true}]}}