{"id":46,"date":"2020-12-03T19:32:02","date_gmt":"2020-12-03T19:32:02","guid":{"rendered":"https:\/\/shop.klangkling.at\/?post_type=product&#038;p=46"},"modified":"2020-12-03T19:36:32","modified_gmt":"2020-12-03T19:36:32","slug":"ruehrtrommel","status":"publish","type":"product","link":"https:\/\/shop.klangkling.at\/index.php\/product\/ruehrtrommel\/","title":{"rendered":"R\u00fchrtrommel"},"content":{"rendered":"<p>An einem K\u00f6rper sind acht verschieden lange Klangzungen aus Holz befestigt. Die unterschiedlichen L\u00e4ngen ergeben unterschiedliche T\u00f6ne. Meist in einer pentatonischen Scala, angeschlagen werden sie mittels einem Holzkl\u00f6ppel, sie kann auch mit Kugeln bef\u00fcllt werden. Mit einer Kreisbewegung die Kugeln \u00fcber die Klangst\u00e4be.<br \/>\nHolzart: Esche \/ Kirsch<\/p>\n<p>Klangbeispiel:<\/p>\n<audio class=\"wp-audio-shortcode\" id=\"audio-46-1\" preload=\"none\" style=\"width: 100%;\" controls=\"controls\"><source type=\"audio\/mpeg\" src=\"https:\/\/shop.klangkling.at\/wp-content\/uploads\/2020\/12\/Ruehrtrommel.mp3?_=1\" \/><a href=\"https:\/\/shop.klangkling.at\/wp-content\/uploads\/2020\/12\/Ruehrtrommel.mp3\">https:\/\/shop.klangkling.at\/wp-content\/uploads\/2020\/12\/Ruehrtrommel.mp3<\/a><\/audio>\n","protected":false},"excerpt":{"rendered":"<p>An einem K\u00f6rper sind acht verschieden lange Klangzungen aus Holz befestigt. Die unterschiedlichen L\u00e4ngen ergeben unterschiedliche T\u00f6ne. Meist in einer pentatonischen Scala, angeschlagen werden sie mittels einem Holzkl\u00f6ppel, sie kann auch mit Kugeln bef\u00fcllt werden. Mit einer Kreisbewegung die Kugeln \u00fcber die Klangst\u00e4be. Holzart: Esche \/ Kirsch Klangbeispiel:<\/p>\n","protected":false},"featured_media":48,"comment_status":"open","ping_status":"closed","template":"","meta":[],"product_brand":[],"product_cat":[15],"product_tag":[42,41,40],"class_list":{"0":"post-46","1":"product","2":"type-product","3":"status-publish","4":"has-post-thumbnail","6":"product_cat-rhythmusinstrumente","7":"product_tag-holzinstrument","8":"product_tag-klangspiel","9":"product_tag-ruehrtrommel-kinderinstrument","11":"first","12":"instock","13":"shipping-taxable","14":"purchasable","15":"product-type-simple"},"_links":{"self":[{"href":"https:\/\/shop.klangkling.at\/index.php\/wp-json\/wp\/v2\/product\/46","targetHints":{"allow":["GET"]}}],"collection":[{"href":"https:\/\/shop.klangkling.at\/index.php\/wp-json\/wp\/v2\/product"}],"about":[{"href":"https:\/\/shop.klangkling.at\/index.php\/wp-json\/wp\/v2\/types\/product"}],"replies":[{"embeddable":true,"href":"https:\/\/shop.klangkling.at\/index.php\/wp-json\/wp\/v2\/comments?post=46"}],"wp:featuredmedia":[{"embeddable":true,"href":"https:\/\/shop.klangkling.at\/index.php\/wp-json\/wp\/v2\/media\/48"}],"wp:attachment":[{"href":"https:\/\/shop.klangkling.at\/index.php\/wp-json\/wp\/v2\/media?parent=46"}],"wp:term":[{"taxonomy":"product_brand","embeddable":true,"href":"https:\/\/shop.klangkling.at\/index.php\/wp-json\/wp\/v2\/product_brand?post=46"},{"taxonomy":"product_cat","embeddable":true,"href":"https:\/\/shop.klangkling.at\/index.php\/wp-json\/wp\/v2\/product_cat?post=46"},{"taxonomy":"product_tag","embeddable":true,"href":"https:\/\/shop.klangkling.at\/index.php\/wp-json\/wp\/v2\/product_tag?post=46"}],"curies":[{"name":"wp","href":"https:\/\/api.w.org\/{rel}","templated":true}]}}