{"id":39,"date":"2020-12-03T16:02:43","date_gmt":"2020-12-03T16:02:43","guid":{"rendered":"https:\/\/shop.klangkling.at\/?post_type=product&#038;p=39"},"modified":"2025-11-22T21:08:01","modified_gmt":"2025-11-22T21:08:01","slug":"cajon-shaker","status":"publish","type":"product","link":"https:\/\/shop.klangkling.at\/index.php\/product\/cajon-shaker\/","title":{"rendered":"Cajon-Shaker"},"content":{"rendered":"<p>Eine Rassel in Form einer Cajon, im Ma\u00dfstab 1: 10.<br \/>\nDer Kontakt mit den Fingern auf der Schlagfl\u00e4che ver\u00e4ndert die Klangfarbe. Zus\u00e4tzliche kreisende Bewegungen erm\u00f6glichen ein Facettenreiches Spiel.<br \/>\nMa\u00dfe: h: 5cm b: 3cm t: 3cm<br \/>\nMaterial: Buche naturge\u00f6lt, Front: Edelfunier<\/p>\n<p>Klangbeispiel:<\/p>\n<audio class=\"wp-audio-shortcode\" id=\"audio-39-1\" preload=\"none\" style=\"width: 100%;\" controls=\"controls\"><source type=\"audio\/mpeg\" src=\"https:\/\/shop.klangkling.at\/wp-content\/uploads\/2020\/12\/Shaker1.mp3?_=1\" \/><a href=\"https:\/\/shop.klangkling.at\/wp-content\/uploads\/2020\/12\/Shaker1.mp3\">https:\/\/shop.klangkling.at\/wp-content\/uploads\/2020\/12\/Shaker1.mp3<\/a><\/audio>\n","protected":false},"excerpt":{"rendered":"<p>Eine Rassel in Form einer Cajon, im Ma\u00dfstab 1: 10. Der Kontakt mit den Fingern auf der Schlagfl\u00e4che ver\u00e4ndert die Klangfarbe. Zus\u00e4tzliche kreisende Bewegungen erm\u00f6glichen ein Facettenreiches Spiel. Ma\u00dfe: h: 5cm b: 3cm t: 3cm Material: Buche naturge\u00f6lt, Front: Edelfunier Klangbeispiel:<\/p>\n","protected":false},"featured_media":41,"comment_status":"open","ping_status":"closed","template":"","meta":[],"product_brand":[],"product_cat":[15],"product_tag":[36,39,38,37],"class_list":{"0":"post-39","1":"product","2":"type-product","3":"status-publish","4":"has-post-thumbnail","6":"product_cat-rhythmusinstrumente","7":"product_tag-cajon","8":"product_tag-kinderrassel","9":"product_tag-minicajon","10":"product_tag-shake-rassel","12":"first","13":"instock","14":"shipping-taxable","15":"purchasable","16":"product-type-simple"},"_links":{"self":[{"href":"https:\/\/shop.klangkling.at\/index.php\/wp-json\/wp\/v2\/product\/39","targetHints":{"allow":["GET"]}}],"collection":[{"href":"https:\/\/shop.klangkling.at\/index.php\/wp-json\/wp\/v2\/product"}],"about":[{"href":"https:\/\/shop.klangkling.at\/index.php\/wp-json\/wp\/v2\/types\/product"}],"replies":[{"embeddable":true,"href":"https:\/\/shop.klangkling.at\/index.php\/wp-json\/wp\/v2\/comments?post=39"}],"wp:featuredmedia":[{"embeddable":true,"href":"https:\/\/shop.klangkling.at\/index.php\/wp-json\/wp\/v2\/media\/41"}],"wp:attachment":[{"href":"https:\/\/shop.klangkling.at\/index.php\/wp-json\/wp\/v2\/media?parent=39"}],"wp:term":[{"taxonomy":"product_brand","embeddable":true,"href":"https:\/\/shop.klangkling.at\/index.php\/wp-json\/wp\/v2\/product_brand?post=39"},{"taxonomy":"product_cat","embeddable":true,"href":"https:\/\/shop.klangkling.at\/index.php\/wp-json\/wp\/v2\/product_cat?post=39"},{"taxonomy":"product_tag","embeddable":true,"href":"https:\/\/shop.klangkling.at\/index.php\/wp-json\/wp\/v2\/product_tag?post=39"}],"curies":[{"name":"wp","href":"https:\/\/api.w.org\/{rel}","templated":true}]}}