{"id":36,"date":"2020-12-03T15:50:15","date_gmt":"2020-12-03T15:50:15","guid":{"rendered":"https:\/\/shop.klangkling.at\/?post_type=product&#038;p=36"},"modified":"2020-12-03T20:39:14","modified_gmt":"2020-12-03T20:39:14","slug":"vogelstimmenfloete-zizzibe","status":"publish","type":"product","link":"https:\/\/shop.klangkling.at\/index.php\/product\/vogelstimmenfloete-zizzibe\/","title":{"rendered":"Vogelstimmen Fl\u00f6te Zizzibe"},"content":{"rendered":"<p>Mit dieser Einlochfl\u00f6te ahmen wir den Gesang der Meise nach. Das Loch in Mundn\u00e4he bleibt immer offen, mit dem zweiten Loch ver\u00e4ndert man die Tonh\u00f6he.<\/p>\n<p>Klangbeispiel<\/p>\n<audio class=\"wp-audio-shortcode\" id=\"audio-36-1\" preload=\"none\" style=\"width: 100%;\" controls=\"controls\"><source type=\"audio\/mpeg\" src=\"https:\/\/shop.klangkling.at\/wp-content\/uploads\/2020\/12\/zizibe.mp3?_=1\" \/><a href=\"https:\/\/shop.klangkling.at\/wp-content\/uploads\/2020\/12\/zizibe.mp3\">https:\/\/shop.klangkling.at\/wp-content\/uploads\/2020\/12\/zizibe.mp3<\/a><\/audio>\n","protected":false},"excerpt":{"rendered":"<p>Mit dieser Einlochfl\u00f6te ahmen wir den Gesang der Meise nach. Das Loch in Mundn\u00e4he bleibt immer offen, mit dem zweiten Loch ver\u00e4ndert man die Tonh\u00f6he. Klangbeispiel<\/p>\n","protected":false},"featured_media":38,"comment_status":"open","ping_status":"closed","template":"","meta":[],"product_brand":[],"product_cat":[30],"product_tag":[35,33,32,34],"class_list":{"0":"post-36","1":"product","2":"type-product","3":"status-publish","4":"has-post-thumbnail","6":"product_cat-blasinstrument","7":"product_tag-blasinstrument","8":"product_tag-vogelimitation","9":"product_tag-vogelstimmenpfeife","10":"product_tag-zizzibe","12":"first","13":"instock","14":"shipping-taxable","15":"purchasable","16":"product-type-simple"},"_links":{"self":[{"href":"https:\/\/shop.klangkling.at\/index.php\/wp-json\/wp\/v2\/product\/36","targetHints":{"allow":["GET"]}}],"collection":[{"href":"https:\/\/shop.klangkling.at\/index.php\/wp-json\/wp\/v2\/product"}],"about":[{"href":"https:\/\/shop.klangkling.at\/index.php\/wp-json\/wp\/v2\/types\/product"}],"replies":[{"embeddable":true,"href":"https:\/\/shop.klangkling.at\/index.php\/wp-json\/wp\/v2\/comments?post=36"}],"wp:featuredmedia":[{"embeddable":true,"href":"https:\/\/shop.klangkling.at\/index.php\/wp-json\/wp\/v2\/media\/38"}],"wp:attachment":[{"href":"https:\/\/shop.klangkling.at\/index.php\/wp-json\/wp\/v2\/media?parent=36"}],"wp:term":[{"taxonomy":"product_brand","embeddable":true,"href":"https:\/\/shop.klangkling.at\/index.php\/wp-json\/wp\/v2\/product_brand?post=36"},{"taxonomy":"product_cat","embeddable":true,"href":"https:\/\/shop.klangkling.at\/index.php\/wp-json\/wp\/v2\/product_cat?post=36"},{"taxonomy":"product_tag","embeddable":true,"href":"https:\/\/shop.klangkling.at\/index.php\/wp-json\/wp\/v2\/product_tag?post=36"}],"curies":[{"name":"wp","href":"https:\/\/api.w.org\/{rel}","templated":true}]}}