{"id":21,"date":"2020-12-03T14:38:01","date_gmt":"2020-12-03T14:38:01","guid":{"rendered":"https:\/\/shop.klangkling.at\/?post_type=product&#038;p=21"},"modified":"2025-01-08T09:34:29","modified_gmt":"2025-01-08T09:34:29","slug":"nasenfloete","status":"publish","type":"product","link":"https:\/\/shop.klangkling.at\/index.php\/product\/nasenfloete\/","title":{"rendered":"Nasenfl\u00f6te"},"content":{"rendered":"<p>Eine mit der Nase geblasene Fl\u00f6te. Die Mundh\u00f6hle bildet den Resonanzraum, der wiederum die Tonh\u00f6he moduliert.<br \/>\nEs lassen sich sehr leicht jede denkbare Melodie spielen.<br \/>\nVergleichbar mit einem herk\u00f6mmlichen Pfeifen, nur str\u00f6mt die Luft aus der Nase \u00fcber ein Labium in den Mundraum.<\/p>\n<p>Klangbeispiel<\/p>\n<audio class=\"wp-audio-shortcode\" id=\"audio-21-1\" preload=\"none\" style=\"width: 100%;\" controls=\"controls\"><source type=\"audio\/mpeg\" src=\"https:\/\/shop.klangkling.at\/wp-content\/uploads\/2020\/12\/Nasenfloete.mp3?_=1\" \/><a href=\"https:\/\/shop.klangkling.at\/wp-content\/uploads\/2020\/12\/Nasenfloete.mp3\">https:\/\/shop.klangkling.at\/wp-content\/uploads\/2020\/12\/Nasenfloete.mp3<\/a><\/audio>\n","protected":false},"excerpt":{"rendered":"<p>Eine mit der Nase geblasene Fl\u00f6te. Die Mundh\u00f6hle bildet den Resonanzraum, der wiederum die Tonh\u00f6he moduliert. Es lassen sich sehr leicht jede denkbare Melodie spielen. Vergleichbar mit einem herk\u00f6mmlichen Pfeifen, nur str\u00f6mt die Luft aus der Nase \u00fcber ein Labium in den Mundraum. Klangbeispiel<\/p>\n","protected":false},"featured_media":23,"comment_status":"open","ping_status":"closed","template":"","meta":[],"product_brand":[],"product_cat":[30],"product_tag":[],"class_list":{"0":"post-21","1":"product","2":"type-product","3":"status-publish","4":"has-post-thumbnail","6":"product_cat-blasinstrument","8":"first","9":"instock","10":"shipping-taxable","11":"purchasable","12":"product-type-simple"},"_links":{"self":[{"href":"https:\/\/shop.klangkling.at\/index.php\/wp-json\/wp\/v2\/product\/21","targetHints":{"allow":["GET"]}}],"collection":[{"href":"https:\/\/shop.klangkling.at\/index.php\/wp-json\/wp\/v2\/product"}],"about":[{"href":"https:\/\/shop.klangkling.at\/index.php\/wp-json\/wp\/v2\/types\/product"}],"replies":[{"embeddable":true,"href":"https:\/\/shop.klangkling.at\/index.php\/wp-json\/wp\/v2\/comments?post=21"}],"wp:featuredmedia":[{"embeddable":true,"href":"https:\/\/shop.klangkling.at\/index.php\/wp-json\/wp\/v2\/media\/23"}],"wp:attachment":[{"href":"https:\/\/shop.klangkling.at\/index.php\/wp-json\/wp\/v2\/media?parent=21"}],"wp:term":[{"taxonomy":"product_brand","embeddable":true,"href":"https:\/\/shop.klangkling.at\/index.php\/wp-json\/wp\/v2\/product_brand?post=21"},{"taxonomy":"product_cat","embeddable":true,"href":"https:\/\/shop.klangkling.at\/index.php\/wp-json\/wp\/v2\/product_cat?post=21"},{"taxonomy":"product_tag","embeddable":true,"href":"https:\/\/shop.klangkling.at\/index.php\/wp-json\/wp\/v2\/product_tag?post=21"}],"curies":[{"name":"wp","href":"https:\/\/api.w.org\/{rel}","templated":true}]}}