{"id":18,"date":"2020-12-03T13:55:51","date_gmt":"2020-12-03T13:55:51","guid":{"rendered":"https:\/\/shop.klangkling.at\/index.php\/widerrufsbelehrung\/"},"modified":"2020-12-06T15:49:59","modified_gmt":"2020-12-06T15:49:59","slug":"datenschutzerklarung","status":"publish","type":"page","link":"https:\/\/shop.klangkling.at\/index.php\/datenschutzerklarung\/","title":{"rendered":"Datenschutzerkl\u00e4rung"},"content":{"rendered":"\n<h1 class=\"has-normal-font-size wp-block-heading\">Der Schutz Ihrer pers\u00f6nlichen Daten ist uns ein besonderes Anliegen. Wir verarbeiten Ihre Daten daher ausschlie\u00dflich auf Grundlage der gesetzlichen Bestimmungen (DSGVO, TKG 2003). In diesen Datenschutzinformationen informieren wir Sie \u00fcber die wichtigsten Aspekte der Datenverarbeitung im Rahmen unserer Website. Kontakt mit uns Wenn Sie per E-Mail (office@klangkling.at) Kontakt mit uns aufnehmen, werden Ihre angegebenen Daten zwecks Bearbeitung der Anfrage und f\u00fcr den Fall von Anschlussfragen sechs Monate bei uns gespeichert. Diese Daten geben wir nicht ohne Ihre Einwilligung weiter.<\/h1>\n\n\n\n<h3 class=\"has-normal-font-size wp-block-heading\">Datenspeicherung:<br>Zum Zweck der Vertragsabwicklung werden folgende Daten auch bei uns gespeichert: Telefonnummer, E-Mail-Adresse. Die von Ihnen bereitgestellten Daten sind zur Vertragserf\u00fcllung bzw, zur Durchf\u00fchrung vorvertraglicher Ma\u00dfnahmen erforderlich. Ohne diese Daten k\u00f6nnen wir den Vertrag mit Ihnen nicht abschlie\u00dfen. Eine Daten\u00fcbermittlung an Dritte erfolgt nicht. Nach Abbruch des Einkaufsvorganges werden die bei uns gespeicherten Daten gel\u00f6scht. Im Falle eines Vertragsabschlusses werden s\u00e4mtliche Daten aus dem Vertragsverh\u00e4ltnis bis zum Ablauf der steuerrechtlichen Aufbewahrungsfrist (7 Jahre) gespeichert. Die Daten Name, Anschrift, gekaufte Waren und Kaufdatum werden dar\u00fcber hinaus gehend bis zum Ablauf der Produkthaftung (10 Jahre) gespeichert. Die Datenverarbeitung erfolgt auf Basis der gesetzlichen Bestimmungen des \u00a7 96 Abs 3 TKG sowie des Art 6 Abs 1 lit a (Einwilligung) und\/oder lit b (notwendig zur Vertragserf\u00fcllung) der DSGVO.<\/h3>\n\n\n\n<h3 class=\"has-normal-font-size wp-block-heading\">Cookies:<br>Unsere Website verwendet ausschlie\u00dflich notwendige, technische Cookies, die Funktionen gew\u00e4hrleisten, ohne die Sie diese Webseite nicht korrekt nutzen k\u00f6nnen. Sie werden nur auf dieser Website verwendet und sind lediglich w\u00e4hrend der aktuellen Session auf Ihrem Computer gespeichert.&nbsp;<\/h3>\n\n\n\n<h3 class=\"has-normal-font-size wp-block-heading\">Ihre Rechte:<br>Ihnen stehen grunds\u00e4tzlich die Rechte auf Auskunft, Berichtigung, L\u00f6schung, Einschr\u00e4nkung, Daten\u00fcbertragbarkeit, Widerruf und Widerspruch zu. Wenn Sie glauben, dass die Verarbeitung Ihrer Daten gegen das Datenschutzrecht verst\u00f6\u00dft oder Ihre datenschutzrechtlichen Anspr\u00fcche sonst in einer Weise verletzt worden sind, k\u00f6nnen Sie sich bei der Aufsichtsbeh\u00f6rde beschweren. In \u00d6sterreich ist dies die Datenschutzbeh\u00f6rde.<\/h3>\n","protected":false},"excerpt":{"rendered":"<p>Der Schutz Ihrer pers\u00f6nlichen Daten ist uns ein besonderes Anliegen. Wir verarbeiten Ihre Daten daher ausschlie\u00dflich auf Grundlage der gesetzlichen Bestimmungen (DSGVO, TKG 2003). In diesen Datenschutzinformationen informieren wir Sie \u00fcber die wichtigsten Aspekte der Datenverarbeitung im Rahmen unserer Website. Kontakt mit uns Wenn Sie per E-Mail (office@klangkling.at) Kontakt mit uns aufnehmen, werden Ihre angegebenen [&hellip;]<\/p>\n","protected":false},"author":1,"featured_media":0,"parent":0,"menu_order":0,"comment_status":"closed","ping_status":"closed","template":"","meta":{"footnotes":""},"class_list":["post-18","page","type-page","status-publish","hentry"],"_links":{"self":[{"href":"https:\/\/shop.klangkling.at\/index.php\/wp-json\/wp\/v2\/pages\/18","targetHints":{"allow":["GET"]}}],"collection":[{"href":"https:\/\/shop.klangkling.at\/index.php\/wp-json\/wp\/v2\/pages"}],"about":[{"href":"https:\/\/shop.klangkling.at\/index.php\/wp-json\/wp\/v2\/types\/page"}],"author":[{"embeddable":true,"href":"https:\/\/shop.klangkling.at\/index.php\/wp-json\/wp\/v2\/users\/1"}],"replies":[{"embeddable":true,"href":"https:\/\/shop.klangkling.at\/index.php\/wp-json\/wp\/v2\/comments?post=18"}],"version-history":[{"count":2,"href":"https:\/\/shop.klangkling.at\/index.php\/wp-json\/wp\/v2\/pages\/18\/revisions"}],"predecessor-version":[{"id":75,"href":"https:\/\/shop.klangkling.at\/index.php\/wp-json\/wp\/v2\/pages\/18\/revisions\/75"}],"wp:attachment":[{"href":"https:\/\/shop.klangkling.at\/index.php\/wp-json\/wp\/v2\/media?parent=18"}],"curies":[{"name":"wp","href":"https:\/\/api.w.org\/{rel}","templated":true}]}}